{"id":808,"date":"2025-04-16T06:16:51","date_gmt":"2025-04-16T06:16:51","guid":{"rendered":"https:\/\/midecnc.com\/?post_type=product&#038;p=808"},"modified":"2025-09-19T09:30:49","modified_gmt":"2025-09-19T09:30:49","slug":"smart-cnc-sink-hole-cutting-machine-with-auto-arc-and-relief","status":"publish","type":"product","link":"https:\/\/midecnc.com\/vi\/san-pham\/smart-cnc-sink-hole-cutting-machine-with-auto-arc-and-relief\/","title":{"rendered":"Trung t\u00e2m gia c\u00f4ng \u0111\u00e1 CNC m\u1ed9t tay v\u1edbi ch\u1ee9c n\u0103ng t\u1ef1 \u0111\u1ed9ng v\u00f2m v\u00e0 relief - Hi\u1ec7u su\u1ea5t cao, Gi\u00e1 tr\u1ecb tuy\u1ec7t v\u1eddi"},"content":{"rendered":"<h2 class=\"\" data-start=\"207\" data-end=\"232\" data-immersive-translate-paragraph=\"1\" data-immersive-translate-walked=\"953a7725-13b6-4cd5-92b4-df344dd13602\">\u00a0 \u00a0M\u00f4 t\u1ea3 s\u1ea3n ph\u1ea9m<\/h2>\n<p>Trung t\u00e2m c\u1eaft l\u1ed7 b\u1ed3n r\u1eeda CNC \u0111\u01a1n c\u00e1nh nh\u1ecf \u0111\u01b0\u1ee3c thi\u1ebft k\u1ebf cho vi\u1ec7c gia c\u00f4ng \u0111\u00e1 ch\u00ednh x\u00e1c v\u00e0 hi\u1ec7u qu\u1ea3, l\u00fd t\u01b0\u1edfng \u0111\u1ec3 ch\u1ebf t\u1ea1o l\u1ed7 b\u1ed3n r\u1eeda d\u01b0\u1edbi v\u00e0 tr\u00ean, \u0111\u00e1nh b\u00f3ng cung, kh\u1eafc v\u00e0 ch\u1ea1m n\u1ed5i.<br \/>\nM\u00e1y \u0111\u01b0\u1ee3c thi\u1ebft k\u1ebf v\u1edbi c\u1ea5u tr\u00fac t\u00edch h\u1ee3p, l\u1eafp r\u00e1p ho\u00e0n ch\u1ec9nh v\u00e0 s\u1eb5n s\u00e0ng s\u1eed d\u1ee5ng\u2014ch\u1ec9 c\u1ea7n k\u1ebft n\u1ed1i n\u01b0\u1edbc v\u00e0 \u0111i\u1ec7n. H\u1ec7 th\u1ed1ng \u0111i\u1ec1u khi\u1ec3n th\u00f4ng minh lo\u1ea1i b\u1ecf nhu c\u1ea7u l\u1eadp tr\u00ecnh; ch\u1ec9 c\u1ea7n nh\u1eadp k\u00edch th\u01b0\u1edbc b\u1ed3n r\u1eeda v\u00e0 \u0111\u1ec3 h\u1ec7 th\u1ed1ng t\u1ef1 x\u1eed l\u00fd.<\/p>\n<p>V\u1edbi tr\u1ee5c Y ba ray \u0111\u01b0\u1ee3c c\u1ea5p b\u1eb1ng s\u00e1ng ch\u1ebf v\u00e0 h\u1ec7 th\u1ed1ng d\u1eabn h\u01b0\u1edbng tuy\u1ebfn t\u00ednh 25 r\u00e3nh \u0111\u1ea7y \u0111\u1ee7, m\u00e1y \u0111\u1ea3m b\u1ea3o \u0111\u1ed9 ch\u00ednh x\u00e1c cao, \u1ed5n \u0111\u1ecbnh v\u00e0 chuy\u1ec3n \u0111\u1ed9ng m\u01b0\u1ee3t m\u00e0. Tr\u1ee5c ch\u00ednh l\u00e0m m\u00e1t b\u1eb1ng n\u01b0\u1edbc 5.5kW \u0111i\u1ec1u khi\u1ec3n t\u1ea7n s\u1ed1 mang l\u1ea1i hi\u1ec7u su\u1ea5t m\u1ea1nh m\u1ebd cho qu\u00e1 tr\u00ecnh gia c\u00f4ng \u0111\u00e1 li\u00ean t\u1ee5c.<\/p>\n<h2 class=\"\" data-start=\"1374\" data-end=\"1392\" data-immersive-translate-paragraph=\"1\" data-immersive-translate-walked=\"953a7725-13b6-4cd5-92b4-df344dd13602\">\u00a0 \u00a0C\u00e1c T\u00ednh N\u0103ng Ch\u00ednh<\/h2>\n<p>Thi\u1ebft k\u1ebf nguy\u00ean kh\u1ed1i, \u1ed5n \u0111\u1ecbnh, s\u1eb5n s\u00e0ng s\u1eed d\u1ee5ng m\u00e0 kh\u00f4ng c\u1ea7n l\u1eafp \u0111\u1eb7t<\/p>\n<p>Kh\u00f4ng c\u1ea7n l\u1eadp tr\u00ecnh \u2013 ch\u1ec9 c\u1ea7n nh\u1eadp k\u00edch th\u01b0\u1edbc \u0111\u1ec3 gia c\u00f4ng ch\u1eadu l\u1eafp d\u01b0\u1edbi v\u00e0 l\u1eafp tr\u00ean<\/p>\n<p>T\u1ef1 \u0111\u1ed9ng t\u1ea1o cung ph\u00eda sau \u2013 n\u00e2ng cao t\u1ed1c \u0111\u1ed9 v\u00e0 \u0111\u1ed9 \u0111\u1ed3ng \u0111\u1ec1u khi gia c\u00f4ng<\/p>\n<p>C\u1ea5u tr\u00fac ba ray tr\u01b0\u1ee3t tr\u1ee5c Y \u0111\u01b0\u1ee3c c\u1ea5p b\u1eb1ng s\u00e1ng ch\u1ebf \u2013 t\u0103ng c\u01b0\u1eddng kh\u1ea3 n\u0103ng \u0111i\u1ec1u khi\u1ec3n v\u00e0 \u0111\u1ed9 b\u1ec1n<\/p>\n<p>Thanh d\u1eabn tuy\u1ebfn t\u00ednh 25 v\u1ea1ch \u2013 \u0111\u1ed9 ch\u00ednh x\u00e1c cao v\u00e0 v\u1eadn h\u00e0nh m\u01b0\u1ee3t m\u00e0 tr\u00ean m\u1ecdi tr\u1ee5c<\/p>\n<p>\u0110\u1ed9ng c\u01a1 tr\u1ee5c ch\u00ednh l\u00e0m m\u00e1t b\u1eb1ng n\u01b0\u1edbc 5.5kW \u2013 v\u1edbi b\u1ed9 bi\u1ebfn t\u1ea7n cho hi\u1ec7u su\u1ea5t m\u1ea1nh m\u1ebd v\u00e0 \u1ed5n \u0111\u1ecbnh<\/p>\n<p>X\u1eed l\u00fd \u0111a ch\u1ee9c n\u0103ng \u2013 h\u1ed7 tr\u1ee3 c\u1eaft l\u1ed7 b\u1ed3n r\u1eeda, kh\u1eafc n\u1ed5i, kh\u1eafc ch\u1eef v\u00e0 \u0111\u00e1nh b\u00f3ng cung sau<\/p>\n<p>D\u1ec5 h\u1ecdc, v\u1eadn h\u00e0nh v\u00e0 b\u1ea3o tr\u00ec \u2013 l\u00fd t\u01b0\u1edfng cho c\u1ea3 ng\u01b0\u1eddi m\u1edbi b\u1eaft \u0111\u1ea7u v\u00e0 chuy\u00ean gia<\/p>\n<h2 class=\"\" data-start=\"1964\" data-end=\"1990\" data-immersive-translate-walked=\"bd4d0a2e-8fef-445a-812c-f24bc4d7dfd8\" data-immersive-translate-paragraph=\"1\">\u00a0Th\u00f4ng s\u1ed1 k\u1ef9 thu\u1eadt<\/h2>\n<table style=\"border-collapse: collapse; width: 100%; font-family: Arial, sans-serif;\" border=\"1\" cellspacing=\"0\" cellpadding=\"8\">\n<thead style=\"background-color: #f2f2f2;\">\n<tr>\n<th>Th\u00f4ng s\u1ed1<\/th>\n<th>\u0110\u01a1n v\u1ecb<\/th>\n<th>Gi\u00e1 tr\u1ecb<\/th>\n<\/tr>\n<\/thead>\n<tbody>\n<tr>\n<td>K\u00edch th\u01b0\u1edbc gia c\u00f4ng t\u1ed1i \u0111a<\/td>\n<td>mm<\/td>\n<td>2440 \u00d7 750<\/td>\n<\/tr>\n<tr>\n<td>K\u00edch th\u01b0\u1edbc m\u00e1y<\/td>\n<td>mm<\/td>\n<td>3050 \u00d7 1500 \u00d7 2000<\/td>\n<\/tr>\n<tr>\n<td>H\u1ec7 th\u1ed1ng \u0111i\u1ec1u khi\u1ec3n<\/td>\n<td>\/<\/td>\n<td>H\u1ec7 th\u1ed1ng kh\u00f4ng c\u1ea7n l\u1eadp tr\u00ecnh<\/td>\n<\/tr>\n<tr>\n<td>C\u00f4ng su\u1ea5t \u0111\u1ed9ng c\u01a1 tr\u1ee5c ch\u00ednh<\/td>\n<td>kW<\/td>\n<td>5.5 (L\u00e0m m\u00e1t b\u1eb1ng n\u01b0\u1edbc, c\u00f3 bi\u1ebfn t\u1ea7n)<\/td>\n<\/tr>\n<tr>\n<td>Ray d\u1eabn h\u01b0\u1edbng<\/td>\n<td>\/<\/td>\n<td>Ray h\u01b0\u1edbng tuy\u1ebfn 25 d\u00f2ng (X\/Y\/Z)<\/td>\n<\/tr>\n<tr>\n<td>Thi\u1ebft k\u1ebf tr\u1ee5c Y<\/td>\n<td>\/<\/td>\n<td>C\u1ea5u tr\u00fac ba ray s\u00e1ng ch\u1ebf<\/td>\n<\/tr>\n<tr>\n<td>C\u1ea5u tr\u00fac m\u00e1y<\/td>\n<td>\/<\/td>\n<td>Thi\u1ebft k\u1ebf t\u00edch h\u1ee3p m\u1ed9t m\u1ea3nh<\/td>\n<\/tr>\n<tr>\n<td>C\u1ea7n l\u1eafp \u0111\u1eb7t<\/td>\n<td>\/<\/td>\n<td>Kh\u00f4ng c\u1ea7n c\u00e0i \u0111\u1eb7t \u2013 C\u1eafm v\u00e0 ch\u1ea1y<\/td>\n<\/tr>\n<tr>\n<td>Ch\u1ee9c n\u0103ng gia c\u00f4ng<\/td>\n<td>\/<\/td>\n<td>C\u1eaft l\u1ed7 b\u1ed3n r\u1eeda, \u0111\u00e1nh b\u00f3ng cung sau, kh\u1eafc, ch\u1ea1m n\u1ed5i<\/td>\n<\/tr>\n<\/tbody>\n<\/table>\n<h3 class=\"\" data-start=\"2339\" data-end=\"2382\" data-immersive-translate-walked=\"2784a636-1e30-4df5-bfc8-f364276679e7\" data-immersive-translate-paragraph=\"1\">\u2753Frequently Asked Questions (FAQ)<\/h3>\n<p>M\u00e1y n\u00e0y c\u00f3 th\u1ec3 gia c\u00f4ng nh\u1eefng v\u1eadt li\u1ec7u n\u00e0o?<br \/>\nN\u00f3 ph\u00f9 h\u1ee3p v\u1edbi nhi\u1ec1u lo\u1ea1i \u0111\u00e1, bao g\u1ed3m \u0111\u00e1 c\u1ea9m th\u1ea1ch, \u0111\u00e1 hoa c\u01b0\u01a1ng, \u0111\u00e1 th\u1ea1ch anh v\u00e0 \u0111\u00e1 nh\u00e2n t\u1ea1o.<\/p>\n<p>C\u00f3 c\u1ea7n ki\u1ebfn th\u1ee9c l\u1eadp tr\u00ecnh kh\u00f4ng?<br \/>\nKh\u00f4ng. H\u1ec7 th\u1ed1ng \u0111i\u1ec1u khi\u1ec3n ho\u00e0n to\u00e0n t\u1ef1 \u0111\u1ed9ng - ch\u1ec9 c\u1ea7n nh\u1eadp k\u00edch th\u01b0\u1edbc b\u1ed3n r\u1eeda v\u00e0 b\u1eaft \u0111\u1ea7u gia c\u00f4ng.<\/p>\n<p>C\u00e1c lo\u1ea1i b\u1ed3n r\u1eeda n\u00e0o \u0111\u01b0\u1ee3c h\u1ed7 tr\u1ee3?<br \/>\nH\u1ed7 tr\u1ee3 c\u1ea3 b\u1ed3n r\u1eeda d\u01b0\u1edbi v\u00e0 b\u1ed3n r\u1eeda tr\u00ean, bao g\u1ed3m c\u1ea3 x\u1eed l\u00fd cung sau t\u1ef1 \u0111\u1ed9ng.<\/p>\n<p>C\u00f3 c\u1ea7n l\u1eafp \u0111\u1eb7t kh\u00f4ng?<br \/>\nKh\u00f4ng. M\u00e1y \u0111\u00e3 \u0111\u01b0\u1ee3c l\u1eafp r\u00e1p v\u00e0 ki\u1ec3m tra ho\u00e0n ch\u1ec9nh, ch\u1ec9 c\u1ea7n k\u1ebft n\u1ed1i n\u01b0\u1edbc v\u00e0 \u0111i\u1ec7n l\u00e0 c\u00f3 th\u1ec3 s\u1eed d\u1ee5ng.<\/p>\n<p>Ng\u01b0\u1eddi m\u1edbi b\u1eaft \u0111\u1ea7u c\u00f3 th\u1ec3 v\u1eadn h\u00e0nh m\u00e1y n\u00e0y d\u1ec5 d\u00e0ng kh\u00f4ng?<br \/>\nC\u00f3. H\u1ec7 th\u1ed1ng \u0111\u01b0\u1ee3c thi\u1ebft k\u1ebf d\u1ec5 s\u1eed d\u1ee5ng v\u00e0 \u0111i k\u00e8m v\u1edbi h\u01b0\u1edbng d\u1eabn v\u1eadn h\u00e0nh \u0111\u1ea7y \u0111\u1ee7.<\/p>\n<p>&nbsp;<\/p>\n<p><img fetchpriority=\"high\" decoding=\"async\" class=\"alignnone size-full wp-image-811\" src=\"https:\/\/midecnc.com\/wp-content\/uploads\/2025\/04\/\u672a\u547d\u540d1.jpg\" alt=\"\" width=\"1200\" height=\"1200\" srcset=\"https:\/\/midecnc.com\/wp-content\/uploads\/2025\/04\/\u672a\u547d\u540d1.jpg 1200w, https:\/\/midecnc.com\/wp-content\/uploads\/2025\/04\/\u672a\u547d\u540d1-300x300.jpg 300w, https:\/\/midecnc.com\/wp-content\/uploads\/2025\/04\/\u672a\u547d\u540d1-1024x1024.jpg 1024w, https:\/\/midecnc.com\/wp-content\/uploads\/2025\/04\/\u672a\u547d\u540d1-150x150.jpg 150w, https:\/\/midecnc.com\/wp-content\/uploads\/2025\/04\/\u672a\u547d\u540d1-768x768.jpg 768w, https:\/\/midecnc.com\/wp-content\/uploads\/2025\/04\/\u672a\u547d\u540d1-12x12.jpg 12w, https:\/\/midecnc.com\/wp-content\/uploads\/2025\/04\/\u672a\u547d\u540d1-600x600.jpg 600w, https:\/\/midecnc.com\/wp-content\/uploads\/2025\/04\/\u672a\u547d\u540d1-100x100.jpg 100w\" sizes=\"(max-width: 1200px) 100vw, 1200px\" \/><\/p>","protected":false},"excerpt":{"rendered":"<ul>\n<li style=\"list-style-type: none;\">\n<ul>\n<li>Li\u00ean h\u1ec7 v\u1edbi ch\u00fang t\u00f4i \u0111\u1ec3 nh\u1eadn b\u00e1o gi\u00e1<\/li>\n<li>zalo +86 15594977687<\/li>\n<li>WeChat +86 15594977687<\/li>\n<li>WhatsApp +86 15594977687<\/li>\n<li>E-mail sally@midecnc.com<\/li>\n<\/ul>\n<\/li>\n<\/ul>\n<div style=\"display: flex; gap: 12px; align-items: center;\"><a style=\"display: flex; align-items: center; background-color: #25d366; color: white; padding: 10px 16px; border-radius: 5px; text-decoration: none; font-family: sans-serif; font-size: 16px;\" href=\"https:\/\/wa.me\/8615594977687\" target=\"_blank\" rel=\"noopener\"><br \/>\n<img decoding=\"async\" style=\"margin-right: 8px;\" src=\"https:\/\/img.icons8.com\/color\/24\/000000\/whatsapp--v1.png\" alt=\"WhatsApp\" \/>Li\u00ean h\u1ec7<br \/>\n<\/a><!-- Add more buttons here if needed --><br \/>\n<!-- Example:\n<a href=\"#\" style=\"...\">Another App<\/a>\n--><\/div>","protected":false},"featured_media":810,"template":"","meta":{"_monsterinsights_skip_tracking":false,"_monsterinsights_sitenote_active":false,"_monsterinsights_sitenote_note":"","_monsterinsights_sitenote_category":0,"site-sidebar-layout":"default","site-content-layout":"","ast-site-content-layout":"default","site-content-style":"default","site-sidebar-style":"default","ast-global-header-display":"","ast-banner-title-visibility":"","ast-main-header-display":"","ast-hfb-above-header-display":"","ast-hfb-below-header-display":"","ast-hfb-mobile-header-display":"","site-post-title":"","ast-breadcrumbs-content":"","ast-featured-img":"","footer-sml-layout":"","ast-disable-related-posts":"","theme-transparent-header-meta":"default","adv-header-id-meta":"","stick-header-meta":"default","header-above-stick-meta":"","header-main-stick-meta":"","header-below-stick-meta":"","astra-migrate-meta-layouts":"set","ast-page-background-enabled":"default","ast-page-background-meta":{"desktop":{"background-color":"var(--ast-global-color-5)","background-image":"","background-repeat":"repeat","background-position":"center center","background-size":"auto","background-attachment":"scroll","background-type":"","background-media":"","overlay-type":"","overlay-color":"","overlay-opacity":"","overlay-gradient":""},"tablet":{"background-color":"","background-image":"","background-repeat":"repeat","background-position":"center center","background-size":"auto","background-attachment":"scroll","background-type":"","background-media":"","overlay-type":"","overlay-color":"","overlay-opacity":"","overlay-gradient":""},"mobile":{"background-color":"","background-image":"","background-repeat":"repeat","background-position":"center center","background-size":"auto","background-attachment":"scroll","background-type":"","background-media":"","overlay-type":"","overlay-color":"","overlay-opacity":"","overlay-gradient":""}},"ast-content-background-meta":{"desktop":{"background-color":"var(--ast-global-color-4)","background-image":"","background-repeat":"repeat","background-position":"center center","background-size":"auto","background-attachment":"scroll","background-type":"","background-media":"","overlay-type":"","overlay-color":"","overlay-opacity":"","overlay-gradient":""},"tablet":{"background-color":"var(--ast-global-color-4)","background-image":"","background-repeat":"repeat","background-position":"center center","background-size":"auto","background-attachment":"scroll","background-type":"","background-media":"","overlay-type":"","overlay-color":"","overlay-opacity":"","overlay-gradient":""},"mobile":{"background-color":"var(--ast-global-color-4)","background-image":"","background-repeat":"repeat","background-position":"center center","background-size":"auto","background-attachment":"scroll","background-type":"","background-media":"","overlay-type":"","overlay-color":"","overlay-opacity":"","overlay-gradient":""}}},"product_brand":[25],"product_cat":[28],"product_tag":[118,40,130,47,109,108,119,126,115,128,120,114,116,112,44,133,124,129,43,132,121,113,117,127,48,111,110,131,38,125,123,122],"class_list":{"0":"post-808","1":"product","2":"type-product","3":"status-publish","4":"has-post-thumbnail","6":"product_brand-midecnc","7":"product_cat-product","8":"product_tag-arc-polishing","9":"product_tag-automatic-tool-change","10":"product_tag-bathroom-sink-fabrication","11":"product_tag-ceramic-tiles","12":"product_tag-cnc-machine","13":"product_tag-cnc-router","14":"product_tag-cnc-stone-cutting","15":"product_tag-cnc-stone-router","16":"product_tag-composite-stone","17":"product_tag-countertop-cnc-machine","18":"product_tag-countertop-fabrication","19":"product_tag-engineered-stone","20":"product_tag-engraving","21":"product_tag-engraving-machine","22":"product_tag-granite","23":"product_tag-granite-polishing","24":"product_tag-high-speed-cnc-router","25":"product_tag-kitchen-sink-fabrication","26":"product_tag-marble","27":"product_tag-marble-engraving","28":"product_tag-no-programming-cnc","29":"product_tag-quartz","30":"product_tag-relief-carving","31":"product_tag-sink-fabrication-machine","32":"product_tag-sink-hole-cutting","33":"product_tag-sink-hole-cutting-machine","34":"product_tag-stone-cnc-router","35":"product_tag-stone-cutting-for-countertops","36":"product_tag-stone-cutting-machine","37":"product_tag-stone-processing-equipment","38":"product_tag-triple-rail-y-axis","39":"product_tag-water-cooled-spindle","40":"desktop-align-left","41":"tablet-align-left","42":"mobile-align-left","43":"ast-product-gallery-layout-horizontal-slider","44":"ast-product-gallery-with-no-image","45":"ast-product-tabs-layout-horizontal","47":"first","48":"instock","49":"sale","50":"taxable","51":"shipping-taxable","52":"product-type-simple"},"yoast_head":"<!-- This site is optimized with the Yoast SEO plugin v27.4 - https:\/\/yoast.com\/product\/yoast-seo-wordpress\/ -->\n<title>Smart CNC Sink Hole Cutting Machine with Auto Arc and Relief<\/title>\n<meta name=\"description\" content=\"CNC Sink Hole Cutting Center is designed for efficient and precise stone processing, ideal for fabricating under-mount and top-mount sink holes, arc polishing, engraving, and relief carving.\" \/>\n<meta name=\"robots\" content=\"index, follow, max-snippet:-1, max-image-preview:large, max-video-preview:-1\" \/>\n<link rel=\"canonical\" href=\"https:\/\/midecnc.com\/vi\/san-pham\/smart-cnc-sink-hole-cutting-machine-with-auto-arc-and-relief\/\" \/>\n<meta property=\"og:locale\" content=\"vi_VN\" \/>\n<meta property=\"og:type\" content=\"article\" \/>\n<meta property=\"og:title\" content=\"Smart CNC Sink Hole Cutting Machine with Auto Arc and Relief\" \/>\n<meta property=\"og:description\" content=\"CNC Sink Hole Cutting Center is designed for efficient and precise stone processing, ideal for fabricating under-mount and top-mount sink holes, arc polishing, engraving, and relief carving.\" \/>\n<meta property=\"og:url\" content=\"https:\/\/midecnc.com\/vi\/san-pham\/smart-cnc-sink-hole-cutting-machine-with-auto-arc-and-relief\/\" \/>\n<meta property=\"article:publisher\" content=\"https:\/\/www.facebook.com\/midecnc\" \/>\n<meta property=\"article:modified_time\" content=\"2025-09-19T09:30:49+00:00\" \/>\n<meta property=\"og:image\" content=\"https:\/\/midecnc.com\/wp-content\/uploads\/2025\/04\/49462eea0c36f841c3e639e2d0b1d0fe_\u526f\u672c.jpg\" \/>\n\t<meta property=\"og:image:width\" content=\"800\" \/>\n\t<meta property=\"og:image:height\" content=\"800\" \/>\n\t<meta property=\"og:image:type\" content=\"image\/jpeg\" \/>\n<meta name=\"twitter:card\" content=\"summary_large_image\" \/>\n<meta name=\"twitter:label1\" content=\"\u01af\u1edbc t\u00ednh th\u1eddi gian \u0111\u1ecdc\" \/>\n\t<meta name=\"twitter:data1\" content=\"3 ph\u00fat\" \/>\n<script type=\"application\/ld+json\" class=\"yoast-schema-graph\">{\"@context\":\"https:\\\/\\\/schema.org\",\"@graph\":[{\"@type\":\"WebPage\",\"@id\":\"https:\\\/\\\/midecnc.com\\\/product\\\/smart-cnc-sink-hole-cutting-machine-with-auto-arc-and-relief\\\/\",\"url\":\"https:\\\/\\\/midecnc.com\\\/product\\\/smart-cnc-sink-hole-cutting-machine-with-auto-arc-and-relief\\\/\",\"name\":\"Smart CNC Sink Hole Cutting Machine with Auto Arc and Relief\",\"isPartOf\":{\"@id\":\"https:\\\/\\\/midecnc.com\\\/#website\"},\"primaryImageOfPage\":{\"@id\":\"https:\\\/\\\/midecnc.com\\\/product\\\/smart-cnc-sink-hole-cutting-machine-with-auto-arc-and-relief\\\/#primaryimage\"},\"image\":{\"@id\":\"https:\\\/\\\/midecnc.com\\\/product\\\/smart-cnc-sink-hole-cutting-machine-with-auto-arc-and-relief\\\/#primaryimage\"},\"thumbnailUrl\":\"https:\\\/\\\/midecnc.com\\\/wp-content\\\/uploads\\\/2025\\\/04\\\/49462eea0c36f841c3e639e2d0b1d0fe_\u526f\u672c.jpg\",\"datePublished\":\"2025-04-16T06:16:51+00:00\",\"dateModified\":\"2025-09-19T09:30:49+00:00\",\"description\":\"CNC Sink Hole Cutting Center is designed for efficient and precise stone processing, ideal for fabricating under-mount and top-mount sink holes, arc polishing, engraving, and relief carving.\",\"breadcrumb\":{\"@id\":\"https:\\\/\\\/midecnc.com\\\/product\\\/smart-cnc-sink-hole-cutting-machine-with-auto-arc-and-relief\\\/#breadcrumb\"},\"inLanguage\":\"vi\",\"potentialAction\":[{\"@type\":\"ReadAction\",\"target\":[\"https:\\\/\\\/midecnc.com\\\/product\\\/smart-cnc-sink-hole-cutting-machine-with-auto-arc-and-relief\\\/\"]}]},{\"@type\":\"ImageObject\",\"inLanguage\":\"vi\",\"@id\":\"https:\\\/\\\/midecnc.com\\\/product\\\/smart-cnc-sink-hole-cutting-machine-with-auto-arc-and-relief\\\/#primaryimage\",\"url\":\"https:\\\/\\\/midecnc.com\\\/wp-content\\\/uploads\\\/2025\\\/04\\\/49462eea0c36f841c3e639e2d0b1d0fe_\u526f\u672c.jpg\",\"contentUrl\":\"https:\\\/\\\/midecnc.com\\\/wp-content\\\/uploads\\\/2025\\\/04\\\/49462eea0c36f841c3e639e2d0b1d0fe_\u526f\u672c.jpg\",\"width\":800,\"height\":800},{\"@type\":\"BreadcrumbList\",\"@id\":\"https:\\\/\\\/midecnc.com\\\/product\\\/smart-cnc-sink-hole-cutting-machine-with-auto-arc-and-relief\\\/#breadcrumb\",\"itemListElement\":[{\"@type\":\"ListItem\",\"position\":1,\"name\":\"Home\",\"item\":\"https:\\\/\\\/midecnc.com\\\/\"},{\"@type\":\"ListItem\",\"position\":2,\"name\":\"product\",\"item\":\"https:\\\/\\\/midecnc.com\\\/product\\\/\"},{\"@type\":\"ListItem\",\"position\":3,\"name\":\"Smart CNC Sink Hole Cutting Machine with Auto Arc and Relief \u2013 High Performance, Great Value\"}]},{\"@type\":\"WebSite\",\"@id\":\"https:\\\/\\\/midecnc.com\\\/#website\",\"url\":\"https:\\\/\\\/midecnc.com\\\/\",\"name\":\"Midecnc Stone Cutting Machine\",\"description\":\"Precision CNC Cutting Machines for Stone\",\"publisher\":{\"@id\":\"https:\\\/\\\/midecnc.com\\\/#\\\/schema\\\/person\\\/5f533df466985e67087411e0e1e25b4c\"},\"potentialAction\":[{\"@type\":\"SearchAction\",\"target\":{\"@type\":\"EntryPoint\",\"urlTemplate\":\"https:\\\/\\\/midecnc.com\\\/?s={search_term_string}\"},\"query-input\":{\"@type\":\"PropertyValueSpecification\",\"valueRequired\":true,\"valueName\":\"search_term_string\"}}],\"inLanguage\":\"vi\"},{\"@type\":[\"Person\",\"Organization\"],\"@id\":\"https:\\\/\\\/midecnc.com\\\/#\\\/schema\\\/person\\\/5f533df466985e67087411e0e1e25b4c\",\"name\":\"Midecnc\",\"image\":{\"@type\":\"ImageObject\",\"inLanguage\":\"vi\",\"@id\":\"https:\\\/\\\/midecnc.com\\\/wp-content\\\/uploads\\\/2025\\\/04\\\/cropped-logo.png\",\"url\":\"https:\\\/\\\/midecnc.com\\\/wp-content\\\/uploads\\\/2025\\\/04\\\/cropped-logo.png\",\"contentUrl\":\"https:\\\/\\\/midecnc.com\\\/wp-content\\\/uploads\\\/2025\\\/04\\\/cropped-logo.png\",\"width\":915,\"height\":167,\"caption\":\"Midecnc\"},\"logo\":{\"@id\":\"https:\\\/\\\/midecnc.com\\\/wp-content\\\/uploads\\\/2025\\\/04\\\/cropped-logo.png\"},\"description\":\"At Midecnc, we are committed to building a trusted brand through originality and innovation. Specializing in automated CNC stone machinery, we design and manufacture precision equipment for marble, granite, sandstone, bluestone, artificial stone, tombstones, ceramic tiles, and more.\",\"sameAs\":[\"http:\\\/\\\/midecnc.com\",\"https:\\\/\\\/www.facebook.com\\\/midecnc\",\"https:\\\/\\\/www.youtube.com\\\/channel\\\/UCHyRL5Vrs9KxdM7OPrNqiEQ\"]}]}<\/script>\n<!-- \/ Yoast SEO plugin. -->","yoast_head_json":{"title":"Smart CNC Sink Hole Cutting Machine with Auto Arc and Relief","description":"CNC Sink Hole Cutting Center is designed for efficient and precise stone processing, ideal for fabricating under-mount and top-mount sink holes, arc polishing, engraving, and relief carving.","robots":{"index":"index","follow":"follow","max-snippet":"max-snippet:-1","max-image-preview":"max-image-preview:large","max-video-preview":"max-video-preview:-1"},"canonical":"https:\/\/midecnc.com\/vi\/san-pham\/smart-cnc-sink-hole-cutting-machine-with-auto-arc-and-relief\/","og_locale":"vi_VN","og_type":"article","og_title":"Smart CNC Sink Hole Cutting Machine with Auto Arc and Relief","og_description":"CNC Sink Hole Cutting Center is designed for efficient and precise stone processing, ideal for fabricating under-mount and top-mount sink holes, arc polishing, engraving, and relief carving.","og_url":"https:\/\/midecnc.com\/vi\/san-pham\/smart-cnc-sink-hole-cutting-machine-with-auto-arc-and-relief\/","article_publisher":"https:\/\/www.facebook.com\/midecnc","article_modified_time":"2025-09-19T09:30:49+00:00","og_image":[{"width":800,"height":800,"url":"https:\/\/midecnc.com\/wp-content\/uploads\/2025\/04\/49462eea0c36f841c3e639e2d0b1d0fe_\u526f\u672c.jpg","type":"image\/jpeg"}],"twitter_card":"summary_large_image","twitter_misc":{"\u01af\u1edbc t\u00ednh th\u1eddi gian \u0111\u1ecdc":"3 ph\u00fat"},"schema":{"@context":"https:\/\/schema.org","@graph":[{"@type":"WebPage","@id":"https:\/\/midecnc.com\/product\/smart-cnc-sink-hole-cutting-machine-with-auto-arc-and-relief\/","url":"https:\/\/midecnc.com\/product\/smart-cnc-sink-hole-cutting-machine-with-auto-arc-and-relief\/","name":"Smart CNC Sink Hole Cutting Machine with Auto Arc and Relief","isPartOf":{"@id":"https:\/\/midecnc.com\/#website"},"primaryImageOfPage":{"@id":"https:\/\/midecnc.com\/product\/smart-cnc-sink-hole-cutting-machine-with-auto-arc-and-relief\/#primaryimage"},"image":{"@id":"https:\/\/midecnc.com\/product\/smart-cnc-sink-hole-cutting-machine-with-auto-arc-and-relief\/#primaryimage"},"thumbnailUrl":"https:\/\/midecnc.com\/wp-content\/uploads\/2025\/04\/49462eea0c36f841c3e639e2d0b1d0fe_\u526f\u672c.jpg","datePublished":"2025-04-16T06:16:51+00:00","dateModified":"2025-09-19T09:30:49+00:00","description":"CNC Sink Hole Cutting Center is designed for efficient and precise stone processing, ideal for fabricating under-mount and top-mount sink holes, arc polishing, engraving, and relief carving.","breadcrumb":{"@id":"https:\/\/midecnc.com\/product\/smart-cnc-sink-hole-cutting-machine-with-auto-arc-and-relief\/#breadcrumb"},"inLanguage":"vi","potentialAction":[{"@type":"ReadAction","target":["https:\/\/midecnc.com\/product\/smart-cnc-sink-hole-cutting-machine-with-auto-arc-and-relief\/"]}]},{"@type":"ImageObject","inLanguage":"vi","@id":"https:\/\/midecnc.com\/product\/smart-cnc-sink-hole-cutting-machine-with-auto-arc-and-relief\/#primaryimage","url":"https:\/\/midecnc.com\/wp-content\/uploads\/2025\/04\/49462eea0c36f841c3e639e2d0b1d0fe_\u526f\u672c.jpg","contentUrl":"https:\/\/midecnc.com\/wp-content\/uploads\/2025\/04\/49462eea0c36f841c3e639e2d0b1d0fe_\u526f\u672c.jpg","width":800,"height":800},{"@type":"BreadcrumbList","@id":"https:\/\/midecnc.com\/product\/smart-cnc-sink-hole-cutting-machine-with-auto-arc-and-relief\/#breadcrumb","itemListElement":[{"@type":"ListItem","position":1,"name":"Home","item":"https:\/\/midecnc.com\/"},{"@type":"ListItem","position":2,"name":"product","item":"https:\/\/midecnc.com\/product\/"},{"@type":"ListItem","position":3,"name":"Smart CNC Sink Hole Cutting Machine with Auto Arc and Relief \u2013 High Performance, Great Value"}]},{"@type":"WebSite","@id":"https:\/\/midecnc.com\/#website","url":"https:\/\/midecnc.com\/","name":"Midecnc Stone Cutting Machine","description":"Precision CNC Cutting Machines for Stone","publisher":{"@id":"https:\/\/midecnc.com\/#\/schema\/person\/5f533df466985e67087411e0e1e25b4c"},"potentialAction":[{"@type":"SearchAction","target":{"@type":"EntryPoint","urlTemplate":"https:\/\/midecnc.com\/?s={search_term_string}"},"query-input":{"@type":"PropertyValueSpecification","valueRequired":true,"valueName":"search_term_string"}}],"inLanguage":"vi"},{"@type":["Person","Organization"],"@id":"https:\/\/midecnc.com\/#\/schema\/person\/5f533df466985e67087411e0e1e25b4c","name":"Midecnc","image":{"@type":"ImageObject","inLanguage":"vi","@id":"https:\/\/midecnc.com\/wp-content\/uploads\/2025\/04\/cropped-logo.png","url":"https:\/\/midecnc.com\/wp-content\/uploads\/2025\/04\/cropped-logo.png","contentUrl":"https:\/\/midecnc.com\/wp-content\/uploads\/2025\/04\/cropped-logo.png","width":915,"height":167,"caption":"Midecnc"},"logo":{"@id":"https:\/\/midecnc.com\/wp-content\/uploads\/2025\/04\/cropped-logo.png"},"description":"At Midecnc, we are committed to building a trusted brand through originality and innovation. Specializing in automated CNC stone machinery, we design and manufacture precision equipment for marble, granite, sandstone, bluestone, artificial stone, tombstones, ceramic tiles, and more.","sameAs":["http:\/\/midecnc.com","https:\/\/www.facebook.com\/midecnc","https:\/\/www.youtube.com\/channel\/UCHyRL5Vrs9KxdM7OPrNqiEQ"]}]}},"_links":{"self":[{"href":"https:\/\/midecnc.com\/vi\/wp-json\/wp\/v2\/product\/808","targetHints":{"allow":["GET"]}}],"collection":[{"href":"https:\/\/midecnc.com\/vi\/wp-json\/wp\/v2\/product"}],"about":[{"href":"https:\/\/midecnc.com\/vi\/wp-json\/wp\/v2\/types\/product"}],"wp:featuredmedia":[{"embeddable":true,"href":"https:\/\/midecnc.com\/vi\/wp-json\/wp\/v2\/media\/810"}],"wp:attachment":[{"href":"https:\/\/midecnc.com\/vi\/wp-json\/wp\/v2\/media?parent=808"}],"wp:term":[{"taxonomy":"product_brand","embeddable":true,"href":"https:\/\/midecnc.com\/vi\/wp-json\/wp\/v2\/product_brand?post=808"},{"taxonomy":"product_cat","embeddable":true,"href":"https:\/\/midecnc.com\/vi\/wp-json\/wp\/v2\/product_cat?post=808"},{"taxonomy":"product_tag","embeddable":true,"href":"https:\/\/midecnc.com\/vi\/wp-json\/wp\/v2\/product_tag?post=808"}],"curies":[{"name":"wp","href":"https:\/\/api.w.org\/{rel}","templated":true}]}}