{"id":764,"date":"2025-04-15T07:34:57","date_gmt":"2025-04-15T07:34:57","guid":{"rendered":"https:\/\/midecnc.com\/?post_type=product&#038;p=764"},"modified":"2026-02-08T12:04:21","modified_gmt":"2026-02-08T12:04:21","slug":"5-axis-waterjet-cutting-stone-metal-ceramics","status":"publish","type":"product","link":"https:\/\/midecnc.com\/pl\/produkt\/5-axis-waterjet-cutting-stone-metal-ceramics\/","title":{"rendered":"Pi\u0119cioosiowa maszyna do ci\u0119cia wodno-jetowego CNC AC \u2013 Precyzyjne ci\u0119cie k\u0105towe kamienia, szk\u0142a, metalu i ceramiki"},"content":{"rendered":"<h2 class=\"\" data-start=\"207\" data-end=\"232\" data-immersive-translate-paragraph=\"1\" data-immersive-translate-walked=\"953a7725-13b6-4cd5-92b4-df344dd13602\">\u00a0 \u00a0Opis produktu<\/h2>\n<section><\/section>\n<section>\n<p class=\"translation-block\" data-start=\"915\" data-end=\"1419\" data-immersive-translate-paragraph=\"1\" data-immersive-translate-walked=\"197a6674-5fee-4320-b451-0a1560f3511a\">Pi\u0119cioosiowa maszyna CNC do ci\u0119cia wod\u0105 AC na nowo definiuje precyzyjne ci\u0119cie, \u0142\u0105cz\u0105c solidn\u0105 mechanik\u0119 z inteligentnym sterowaniem 5-osiowym. Dzi\u0119ki systemowi wodno-\u015bciernemu o wysokim ci\u015bnieniu z \u0142atwo\u015bci\u0105 radzi sobie z uko\u015bnymi ci\u0119ciami w kamieniu i spiralnymi konturami w metalu. Niezale\u017cnie od tego, czy produkujesz blaty na zam\u00f3wienie, komponenty przemys\u0142owe czy panele architektoniczne, ci\u0119cie na zimno zapewnia brak uszkodze\u0144 cieplnych i najwy\u017csz\u0105 precyzj\u0119.<\/p>\n<p class=\"translation-block\" data-start=\"1421\" data-end=\"1694\" data-immersive-translate-paragraph=\"1\" data-immersive-translate-walked=\"197a6674-5fee-4320-b451-0a1560f3511a\">Od prostych ci\u0119\u0107 po z\u0142o\u017cone krzywizny, od p\u0142askich powierzchni po k\u0105ty 3D \u2014 ten strumie\u0144 wody to kompleksowe rozwi\u0105zanie. Dzi\u0119ki g\u0142owicy sko\u015bnej z osi\u0105 AC, przemys\u0142owemu sterowaniu CNC i ekologicznemu projektowi, wyznacza nowy standard w automatycznym precyzyjnym ci\u0119ciu.<\/p>\n<\/section>\n<section>\n<h2 data-start=\"1374\" data-end=\"1392\" data-immersive-translate-paragraph=\"1\" data-immersive-translate-walked=\"953a7725-13b6-4cd5-92b4-df344dd13602\"><\/h2>\n<h2 class=\"\" data-start=\"1374\" data-end=\"1392\" data-immersive-translate-paragraph=\"1\" data-immersive-translate-walked=\"953a7725-13b6-4cd5-92b4-df344dd13602\">\u00a0 \u00a0Kluczowe Funkcje<\/h2>\n<p>&nbsp;<\/p>\n<ul>\n<li><strong>Prawdziwe 5-osiowe ci\u0119cie sko\u015bne AC<\/strong><br \/>\nObs\u0142uguje k\u0105ty nachylenia \u00b165\u00b0 do wielokierunkowego ci\u0119cia sko\u015bnego \u2014 idealne do dekoracyjnych ukos\u00f3w, fazowa\u0144 i profili 3D.<\/li>\n<li><strong>System sterowania o wysokiej precyzji<\/strong><br \/>\nOsi\u0105ga dok\u0142adno\u015b\u0107 pozycjonowania \u00b10,05 mm i powtarzalno\u015b\u0107 \u00b10,02 mm, zapewniaj\u0105c perfekcyjne ci\u0119cia detali.<\/li>\n<li><strong>Ci\u0119\u017cka konstrukcja bramowa<\/strong><br \/>\nGwarantuje d\u0142ugoterminow\u0105 stabilno\u015b\u0107 ci\u0119cia i prac\u0119 bez wibracji, nawet przy du\u017cym obci\u0105\u017ceniu.<\/li>\n<li><strong>System pompy o podw\u00f3jnym ci\u015bnieniu<\/strong><br \/>\nRegulowane ci\u015bnienie wody do ci\u0119cia materia\u0142\u00f3w o r\u00f3\u017cnej twardo\u015bci i grubo\u015bci.<\/li>\n<li><strong>Zaawansowane oprogramowanie CAD\/CAM<\/strong><br \/>\nUpraszcza przep\u0142yw pracy dzi\u0119ki zaawansowanemu rozmieszczaniu, generowaniu \u015bcie\u017cek narz\u0119dzi i kompatybilno\u015bci z plikami DXF\/NC.<\/li>\n<li><strong>Ekologiczne ci\u0119cie<\/strong><br \/>\nProces ci\u0119cia na zimno nie powoduje odkszta\u0142ce\u0144 cieplnych, dymu ani szkodliwych opar\u00f3w \u2014 bezpieczny i zr\u00f3wnowa\u017cony.<\/li>\n<li><strong>Inteligentne ci\u0119cie 3D z kontrol\u0105 w czasie rzeczywistym<\/strong><br \/>\nDynamiczna korekcja k\u0105ta i obr\u00f3bka krzywizn za pomoc\u0105 sterowania komputerowego<\/li>\n<\/ul>\n<\/section>\n<section>\n<h2 class=\"\" data-start=\"1964\" data-end=\"1990\" data-immersive-translate-walked=\"bd4d0a2e-8fef-445a-812c-f24bc4d7dfd8\" data-immersive-translate-paragraph=\"1\">\u00a0 \u00a0Parametry techniczne<\/h2>\n<\/section>\n<section>\n<table>\n<tbody>\n<tr>\n<th>Parametr<\/th>\n<th>Jednostka<\/th>\n<th>Warto\u015b\u0107<\/th>\n<\/tr>\n<tr>\n<td>Obszar ci\u0119cia<\/td>\n<td>mm<\/td>\n<td>3600 \u00d7 1800<\/td>\n<\/tr>\n<tr>\n<td>Maksymalny rozmiar detalu<\/td>\n<td>mm<\/td>\n<td>4100 \u00d7 2100<\/td>\n<\/tr>\n<tr>\n<td>Maksymalna pr\u0119dko\u015b\u0107 ci\u0119cia<\/td>\n<td>m\/min<\/td>\n<td>8<\/td>\n<\/tr>\n<tr>\n<td>Pr\u0119dko\u015b\u0107 szybkiego ruchu X\/Y<\/td>\n<td>m\/min<\/td>\n<td>10<\/td>\n<\/tr>\n<tr>\n<td>Pr\u0119dko\u015b\u0107 ruchu osi Z<\/td>\n<td>m\/min<\/td>\n<td>3<\/td>\n<\/tr>\n<tr>\n<td>Pr\u0119dko\u015b\u0107 obrotu osi A\/C<\/td>\n<td>\u00b0\/sec<\/td>\n<td>120<\/td>\n<\/tr>\n<tr>\n<td>Dok\u0142adno\u015b\u0107 pozycjonowania<\/td>\n<td>mm \/ 300 mm<\/td>\n<td>\u00b10.05<\/td>\n<\/tr>\n<tr>\n<td>Dok\u0142adno\u015b\u0107 powtarzalno\u015bci<\/td>\n<td>mm<\/td>\n<td>\u00b10.02<\/td>\n<\/tr>\n<tr>\n<td>Ci\u015bnienie robocze<\/td>\n<td>MPa<\/td>\n<td>280\u2013360 (Max 450)<\/td>\n<\/tr>\n<tr>\n<td>Przep\u0142yw wody<\/td>\n<td>L\/min<\/td>\n<td>3.7<\/td>\n<\/tr>\n<tr>\n<td>System ch\u0142odzenia<\/td>\n<td>\u2014<\/td>\n<td>System oleju ch\u0142odzonego powietrzem<\/td>\n<\/tr>\n<tr>\n<td>Wymagania zasilania<\/td>\n<td>kW \/ Napi\u0119cie<\/td>\n<td>37 kW \/ 220\u2013415V<\/td>\n<\/tr>\n<tr>\n<td>System sterowania<\/td>\n<td>\u2014<\/td>\n<td>Przemys\u0142owe CNC<\/td>\n<\/tr>\n<\/tbody>\n<\/table>\n<h3 class=\"\" data-start=\"3775\" data-end=\"3817\" data-immersive-translate-walked=\"20c6cea6-f086-47e8-997d-292ef237c725\"><strong data-start=\"3779\" data-end=\"3817\" data-immersive-translate-walked=\"20c6cea6-f086-47e8-997d-292ef237c725\" data-immersive-translate-paragraph=\"1\">\u00a0 \u00a0Zastosowania i kompatybilno\u015b\u0107 materia\u0142owa<\/strong><\/h3>\n<ul data-start=\"3819\" data-end=\"4097\" data-immersive-translate-walked=\"20c6cea6-f086-47e8-997d-292ef237c725\">\n<li class=\"\" data-start=\"3819\" data-end=\"3878\" data-immersive-translate-walked=\"20c6cea6-f086-47e8-997d-292ef237c725\">\n<p class=\"translation-block\" data-start=\"3821\" data-end=\"3878\" data-immersive-translate-walked=\"20c6cea6-f086-47e8-997d-292ef237c725\" data-immersive-translate-paragraph=\"1\">Kamie\u0144: Granit, marmur, kwarcyt, kamie\u0144 spiekany<\/p>\n<\/li>\n<li class=\"\" data-start=\"3879\" data-end=\"3930\" data-immersive-translate-walked=\"20c6cea6-f086-47e8-997d-292ef237c725\">\n<p class=\"translation-block\" data-start=\"3881\" data-end=\"3930\" data-immersive-translate-walked=\"20c6cea6-f086-47e8-997d-292ef237c725\" data-immersive-translate-paragraph=\"1\">Metale: Stal, aluminium, mied\u017a, tytan<\/p>\n<\/li>\n<li class=\"\" data-start=\"3931\" data-end=\"3990\" data-immersive-translate-walked=\"20c6cea6-f086-47e8-997d-292ef237c725\">\n<p class=\"translation-block\" data-start=\"3933\" data-end=\"3990\" data-immersive-translate-walked=\"20c6cea6-f086-47e8-997d-292ef237c725\" data-immersive-translate-paragraph=\"1\">Szk\u0142o: Architektoniczne, samochodowe, laminowane<\/p>\n<\/li>\n<li class=\"\" data-start=\"3991\" data-end=\"4039\" data-immersive-translate-walked=\"20c6cea6-f086-47e8-997d-292ef237c725\">\n<p class=\"translation-block\" data-start=\"3993\" data-end=\"4039\" data-immersive-translate-walked=\"20c6cea6-f086-47e8-997d-292ef237c725\" data-immersive-translate-paragraph=\"1\">Ceramika: P\u0142ytki, panele, armatura sanitarna<\/p>\n<\/li>\n<li class=\"\" data-start=\"4040\" data-end=\"4097\" data-immersive-translate-walked=\"20c6cea6-f086-47e8-997d-292ef237c725\">\n<p class=\"translation-block\" data-start=\"4042\" data-end=\"4097\" data-immersive-translate-walked=\"20c6cea6-f086-47e8-997d-292ef237c725\" data-immersive-translate-paragraph=\"1\">Inne: Guma, tworzywa sztuczne, kompozyty, w\u0142\u00f3kno w\u0119glowe<\/p>\n<\/li>\n<\/ul>\n<\/section>\n<section class=\"faq\">\n<h3 class=\"\" data-start=\"2339\" data-end=\"2382\" data-immersive-translate-walked=\"2784a636-1e30-4df5-bfc8-f364276679e7\" data-immersive-translate-paragraph=\"1\">Najcz\u0119\u015bciej zadawane pytania (FAQ)<\/h3>\n<h4>Pytanie 1: Jakie materia\u0142y mo\u017ce ci\u0105\u0107 ta wycinarka wodna?<\/h4>\n<p>Odpowied\u017a: Granit, marmur, kwarc, metal (stal, aluminium), ceramika, szk\u0142o, kompozyty \u2014 wszystko bez uszkodze\u0144 termicznych.<\/p>\n<h4>Pytanie: Czy maszyna mo\u017ce ci\u0105\u0107 kraw\u0119dzie fazowane lub k\u0105towe?<\/h4>\n<p>Odpowied\u017a: Tak! G\u0142owica AC 5-osiowa obs\u0142uguje k\u0105ty z\u0142o\u017cone \u00b165\u00b0 \u2014 idealne do faz i profili 3D.<\/p>\n<h4>Pytanie: Czy oprogramowanie jest \u0142atwe w u\u017cyciu?<\/h4>\n<p>Odpowied\u017a: Tak. Oprogramowanie CAD\/CAM jest \u0142atwe w u\u017cyciu i obs\u0142uguje DXF, NC, uk\u0142adanie i generowanie \u015bcie\u017cek narz\u0119dzi.<\/p>\n<h4>Pytanie: Jaki jest poziom precyzji maszyny?<\/h4>\n<p>Odpowied\u017a: Dok\u0142adno\u015b\u0107 pozycjonowania wynosi \u00b10,05 mm, a powtarzalno\u015b\u0107 \u00b10,02 mm \u2013 idealne do precyzyjnych prac.<\/p>\n<h4>Pytanie: Czy oferujecie instalacj\u0119 i szkolenie?<\/h4>\n<p>Odpowied\u017a: Tak, oferujemy zdaln\u0105 pomoc przy instalacji, szkolenia wideo i pe\u0142n\u0105 dokumentacj\u0119 dla klient\u00f3w na ca\u0142ym \u015bwiecie.<\/p>\n<\/section>\n<footer><\/footer>\n<p><img fetchpriority=\"high\" decoding=\"async\" class=\"alignnone size-full wp-image-807\" src=\"https:\/\/midecnc.com\/wp-content\/uploads\/2025\/04\/\u672a\u547d\u540d-4.jpg\" alt=\"\" width=\"1200\" height=\"1200\" srcset=\"https:\/\/midecnc.com\/wp-content\/uploads\/2025\/04\/\u672a\u547d\u540d-4.jpg 1200w, https:\/\/midecnc.com\/wp-content\/uploads\/2025\/04\/\u672a\u547d\u540d-4-300x300.jpg 300w, https:\/\/midecnc.com\/wp-content\/uploads\/2025\/04\/\u672a\u547d\u540d-4-1024x1024.jpg 1024w, https:\/\/midecnc.com\/wp-content\/uploads\/2025\/04\/\u672a\u547d\u540d-4-150x150.jpg 150w, https:\/\/midecnc.com\/wp-content\/uploads\/2025\/04\/\u672a\u547d\u540d-4-768x768.jpg 768w, https:\/\/midecnc.com\/wp-content\/uploads\/2025\/04\/\u672a\u547d\u540d-4-12x12.jpg 12w, https:\/\/midecnc.com\/wp-content\/uploads\/2025\/04\/\u672a\u547d\u540d-4-600x600.jpg 600w, https:\/\/midecnc.com\/wp-content\/uploads\/2025\/04\/\u672a\u547d\u540d-4-100x100.jpg 100w\" sizes=\"(max-width: 1200px) 100vw, 1200px\" \/><\/p>","protected":false},"excerpt":{"rendered":"<ul>\n<li style=\"list-style-type: none;\">\n<ul>\n<li>Skontaktuj si\u0119 z nami, aby otrzyma\u0107 wycen\u0119<\/li>\n<li>zalo +86 15594977687<\/li>\n<li>WeChat +86 15594977687<\/li>\n<li>WhatsApp +86 15594977687<\/li>\n<li>E-mail sally@midecnc.com<\/li>\n<\/ul>\n<\/li>\n<\/ul>\n<div style=\"display: flex; gap: 12px; align-items: center;\"><a style=\"display: flex; align-items: center; background-color: #25d366; color: white; padding: 10px 16px; border-radius: 5px; text-decoration: none; font-family: sans-serif; font-size: 16px;\" href=\"https:\/\/wa.me\/8615594977687\" target=\"_blank\" rel=\"noopener\"><br \/>\n<img decoding=\"async\" style=\"margin-right: 8px;\" src=\"https:\/\/img.icons8.com\/color\/24\/000000\/whatsapp--v1.png\" alt=\"WhatsApp\" \/>Skontaktuj si\u0119 z nami<br \/>\n<\/a><!-- Add more buttons here if needed --><br \/>\n<!-- Example:\n<a href=\"#\" style=\"...\">Another App<\/a>\n--><\/div>","protected":false},"featured_media":768,"template":"","meta":{"_monsterinsights_skip_tracking":false,"_monsterinsights_sitenote_active":false,"_monsterinsights_sitenote_note":"","_monsterinsights_sitenote_category":0,"site-sidebar-layout":"default","site-content-layout":"","ast-site-content-layout":"default","site-content-style":"default","site-sidebar-style":"default","ast-global-header-display":"","ast-banner-title-visibility":"","ast-main-header-display":"","ast-hfb-above-header-display":"","ast-hfb-below-header-display":"","ast-hfb-mobile-header-display":"","site-post-title":"","ast-breadcrumbs-content":"","ast-featured-img":"","footer-sml-layout":"","ast-disable-related-posts":"","theme-transparent-header-meta":"default","adv-header-id-meta":"","stick-header-meta":"default","header-above-stick-meta":"","header-main-stick-meta":"","header-below-stick-meta":"","astra-migrate-meta-layouts":"set","ast-page-background-enabled":"default","ast-page-background-meta":{"desktop":{"background-color":"var(--ast-global-color-5)","background-image":"","background-repeat":"repeat","background-position":"center center","background-size":"auto","background-attachment":"scroll","background-type":"","background-media":"","overlay-type":"","overlay-color":"","overlay-opacity":"","overlay-gradient":""},"tablet":{"background-color":"","background-image":"","background-repeat":"repeat","background-position":"center center","background-size":"auto","background-attachment":"scroll","background-type":"","background-media":"","overlay-type":"","overlay-color":"","overlay-opacity":"","overlay-gradient":""},"mobile":{"background-color":"","background-image":"","background-repeat":"repeat","background-position":"center center","background-size":"auto","background-attachment":"scroll","background-type":"","background-media":"","overlay-type":"","overlay-color":"","overlay-opacity":"","overlay-gradient":""}},"ast-content-background-meta":{"desktop":{"background-color":"var(--ast-global-color-4)","background-image":"","background-repeat":"repeat","background-position":"center center","background-size":"auto","background-attachment":"scroll","background-type":"","background-media":"","overlay-type":"","overlay-color":"","overlay-opacity":"","overlay-gradient":""},"tablet":{"background-color":"var(--ast-global-color-4)","background-image":"","background-repeat":"repeat","background-position":"center center","background-size":"auto","background-attachment":"scroll","background-type":"","background-media":"","overlay-type":"","overlay-color":"","overlay-opacity":"","overlay-gradient":""},"mobile":{"background-color":"var(--ast-global-color-4)","background-image":"","background-repeat":"repeat","background-position":"center center","background-size":"auto","background-attachment":"scroll","background-type":"","background-media":"","overlay-type":"","overlay-color":"","overlay-opacity":"","overlay-gradient":""}}},"product_brand":[107],"product_cat":[28],"product_tag":[97,101,98,103,104,105,99,100,106,102],"class_list":{"0":"post-764","1":"product","2":"type-product","3":"status-publish","4":"has-post-thumbnail","6":"product_brand-qomo","7":"product_cat-product","8":"product_tag-5-axis-cnc-waterjet-cutting-machine","9":"product_tag-cnc-waterjet-equipment","10":"product_tag-cnc-waterjet-for-stone-and-metal","11":"product_tag-compound-bevel-waterjet-cutter","12":"product_tag-countertop-cnc-waterjet-cutting-system","13":"product_tag-gantry-style-cnc-waterjet","14":"product_tag-high-precision-bevel-waterjet-cutter","15":"product_tag-industrial-stone-cutting-machine","16":"product_tag-precision-ceramic-waterjet-cutting","17":"product_tag-waterjet-cutting-machine-for-granite-and-marble","18":"desktop-align-left","19":"tablet-align-left","20":"mobile-align-left","21":"ast-product-gallery-layout-horizontal-slider","22":"ast-product-gallery-with-no-image","23":"ast-product-tabs-layout-horizontal","25":"first","26":"instock","27":"sale","28":"virtual","29":"taxable","30":"product-type-simple"},"yoast_head":"<!-- This site is optimized with the Yoast SEO plugin v27.4 - https:\/\/yoast.com\/product\/yoast-seo-wordpress\/ -->\n<title>AC 5 Axis CNC Waterjet Cutting Machine - Stone Cutting Machine<\/title>\n<meta name=\"description\" content=\"Whether you\u2019re fabricating countertops, metal components, or intricate stone designs, this machine delivers clean, heat-free cuts with minimal waste and maximum control.\" \/>\n<meta name=\"robots\" content=\"index, follow, max-snippet:-1, max-image-preview:large, max-video-preview:-1\" \/>\n<link rel=\"canonical\" href=\"https:\/\/midecnc.com\/pl\/produkt\/5-axis-waterjet-cutting-stone-metal-ceramics\/\" \/>\n<meta property=\"og:locale\" content=\"pl_PL\" \/>\n<meta property=\"og:type\" content=\"article\" \/>\n<meta property=\"og:title\" content=\"AC 5 Axis CNC Waterjet Cutting Machine - Stone Cutting Machine\" \/>\n<meta property=\"og:description\" content=\"Whether you\u2019re fabricating countertops, metal components, or intricate stone designs, this machine delivers clean, heat-free cuts with minimal waste and maximum control.\" \/>\n<meta property=\"og:url\" content=\"https:\/\/midecnc.com\/pl\/produkt\/5-axis-waterjet-cutting-stone-metal-ceramics\/\" \/>\n<meta property=\"article:publisher\" content=\"https:\/\/www.facebook.com\/midecnc\" \/>\n<meta property=\"article:modified_time\" content=\"2026-02-08T12:04:21+00:00\" \/>\n<meta property=\"og:image\" content=\"https:\/\/midecnc.com\/wp-content\/uploads\/2025\/04\/\u56fe\u72471-1.png\" \/>\n\t<meta property=\"og:image:width\" content=\"1449\" \/>\n\t<meta property=\"og:image:height\" content=\"890\" \/>\n\t<meta property=\"og:image:type\" content=\"image\/png\" \/>\n<meta name=\"twitter:card\" content=\"summary_large_image\" \/>\n<meta name=\"twitter:label1\" content=\"Szacowany czas czytania\" \/>\n\t<meta name=\"twitter:data1\" content=\"3 minuty\" \/>\n<script type=\"application\/ld+json\" class=\"yoast-schema-graph\">{\"@context\":\"https:\\\/\\\/schema.org\",\"@graph\":[{\"@type\":\"WebPage\",\"@id\":\"https:\\\/\\\/midecnc.com\\\/product\\\/5-axis-waterjet-cutting-stone-metal-ceramics\\\/\",\"url\":\"https:\\\/\\\/midecnc.com\\\/product\\\/5-axis-waterjet-cutting-stone-metal-ceramics\\\/\",\"name\":\"AC 5 Axis CNC Waterjet Cutting Machine - Stone Cutting Machine\",\"isPartOf\":{\"@id\":\"https:\\\/\\\/midecnc.com\\\/#website\"},\"primaryImageOfPage\":{\"@id\":\"https:\\\/\\\/midecnc.com\\\/product\\\/5-axis-waterjet-cutting-stone-metal-ceramics\\\/#primaryimage\"},\"image\":{\"@id\":\"https:\\\/\\\/midecnc.com\\\/product\\\/5-axis-waterjet-cutting-stone-metal-ceramics\\\/#primaryimage\"},\"thumbnailUrl\":\"https:\\\/\\\/midecnc.com\\\/wp-content\\\/uploads\\\/2025\\\/04\\\/\u56fe\u72471-1.png\",\"datePublished\":\"2025-04-15T07:34:57+00:00\",\"dateModified\":\"2026-02-08T12:04:21+00:00\",\"description\":\"Whether you\u2019re fabricating countertops, metal components, or intricate stone designs, this machine delivers clean, heat-free cuts with minimal waste and maximum control.\",\"breadcrumb\":{\"@id\":\"https:\\\/\\\/midecnc.com\\\/product\\\/5-axis-waterjet-cutting-stone-metal-ceramics\\\/#breadcrumb\"},\"inLanguage\":\"pl-PL\",\"potentialAction\":[{\"@type\":\"ReadAction\",\"target\":[\"https:\\\/\\\/midecnc.com\\\/product\\\/5-axis-waterjet-cutting-stone-metal-ceramics\\\/\"]}]},{\"@type\":\"ImageObject\",\"inLanguage\":\"pl-PL\",\"@id\":\"https:\\\/\\\/midecnc.com\\\/product\\\/5-axis-waterjet-cutting-stone-metal-ceramics\\\/#primaryimage\",\"url\":\"https:\\\/\\\/midecnc.com\\\/wp-content\\\/uploads\\\/2025\\\/04\\\/\u56fe\u72471-1.png\",\"contentUrl\":\"https:\\\/\\\/midecnc.com\\\/wp-content\\\/uploads\\\/2025\\\/04\\\/\u56fe\u72471-1.png\",\"width\":1449,\"height\":890},{\"@type\":\"BreadcrumbList\",\"@id\":\"https:\\\/\\\/midecnc.com\\\/product\\\/5-axis-waterjet-cutting-stone-metal-ceramics\\\/#breadcrumb\",\"itemListElement\":[{\"@type\":\"ListItem\",\"position\":1,\"name\":\"Home\",\"item\":\"https:\\\/\\\/midecnc.com\\\/\"},{\"@type\":\"ListItem\",\"position\":2,\"name\":\"product\",\"item\":\"https:\\\/\\\/midecnc.com\\\/product\\\/\"},{\"@type\":\"ListItem\",\"position\":3,\"name\":\"AC 5 Axis CNC Waterjet Cutting Machine \u2013 Precision Bevel Cutting for Stone, glass, Metal, and Ceramics\"}]},{\"@type\":\"WebSite\",\"@id\":\"https:\\\/\\\/midecnc.com\\\/#website\",\"url\":\"https:\\\/\\\/midecnc.com\\\/\",\"name\":\"Midecnc Stone Cutting Machine\",\"description\":\"Precision CNC Cutting Machines for Stone\",\"publisher\":{\"@id\":\"https:\\\/\\\/midecnc.com\\\/#\\\/schema\\\/person\\\/5f533df466985e67087411e0e1e25b4c\"},\"potentialAction\":[{\"@type\":\"SearchAction\",\"target\":{\"@type\":\"EntryPoint\",\"urlTemplate\":\"https:\\\/\\\/midecnc.com\\\/?s={search_term_string}\"},\"query-input\":{\"@type\":\"PropertyValueSpecification\",\"valueRequired\":true,\"valueName\":\"search_term_string\"}}],\"inLanguage\":\"pl-PL\"},{\"@type\":[\"Person\",\"Organization\"],\"@id\":\"https:\\\/\\\/midecnc.com\\\/#\\\/schema\\\/person\\\/5f533df466985e67087411e0e1e25b4c\",\"name\":\"Midecnc\",\"image\":{\"@type\":\"ImageObject\",\"inLanguage\":\"pl-PL\",\"@id\":\"https:\\\/\\\/midecnc.com\\\/wp-content\\\/uploads\\\/2025\\\/04\\\/cropped-logo.png\",\"url\":\"https:\\\/\\\/midecnc.com\\\/wp-content\\\/uploads\\\/2025\\\/04\\\/cropped-logo.png\",\"contentUrl\":\"https:\\\/\\\/midecnc.com\\\/wp-content\\\/uploads\\\/2025\\\/04\\\/cropped-logo.png\",\"width\":915,\"height\":167,\"caption\":\"Midecnc\"},\"logo\":{\"@id\":\"https:\\\/\\\/midecnc.com\\\/wp-content\\\/uploads\\\/2025\\\/04\\\/cropped-logo.png\"},\"description\":\"At Midecnc, we are committed to building a trusted brand through originality and innovation. Specializing in automated CNC stone machinery, we design and manufacture precision equipment for marble, granite, sandstone, bluestone, artificial stone, tombstones, ceramic tiles, and more.\",\"sameAs\":[\"http:\\\/\\\/midecnc.com\",\"https:\\\/\\\/www.facebook.com\\\/midecnc\",\"https:\\\/\\\/www.youtube.com\\\/channel\\\/UCHyRL5Vrs9KxdM7OPrNqiEQ\"]}]}<\/script>\n<!-- \/ Yoast SEO plugin. -->","yoast_head_json":{"title":"AC 5 Axis CNC Waterjet Cutting Machine - Stone Cutting Machine","description":"Niezale\u017cnie od tego, czy produkujesz blaty, komponenty metalowe, czy skomplikowane wzory kamienne \u2013 ta maszyna zapewnia czyste, bezciep\u0142owe ci\u0119cia przy minimalnych odpadach i maksymalnej kontroli.","robots":{"index":"index","follow":"follow","max-snippet":"max-snippet:-1","max-image-preview":"max-image-preview:large","max-video-preview":"max-video-preview:-1"},"canonical":"https:\/\/midecnc.com\/pl\/produkt\/5-axis-waterjet-cutting-stone-metal-ceramics\/","og_locale":"pl_PL","og_type":"article","og_title":"AC 5 Axis CNC Waterjet Cutting Machine - Stone Cutting Machine","og_description":"Whether you\u2019re fabricating countertops, metal components, or intricate stone designs, this machine delivers clean, heat-free cuts with minimal waste and maximum control.","og_url":"https:\/\/midecnc.com\/pl\/produkt\/5-axis-waterjet-cutting-stone-metal-ceramics\/","article_publisher":"https:\/\/www.facebook.com\/midecnc","article_modified_time":"2026-02-08T12:04:21+00:00","og_image":[{"width":1449,"height":890,"url":"https:\/\/midecnc.com\/wp-content\/uploads\/2025\/04\/\u56fe\u72471-1.png","type":"image\/png"}],"twitter_card":"summary_large_image","twitter_misc":{"Szacowany czas czytania":"3 minuty"},"schema":{"@context":"https:\/\/schema.org","@graph":[{"@type":"WebPage","@id":"https:\/\/midecnc.com\/product\/5-axis-waterjet-cutting-stone-metal-ceramics\/","url":"https:\/\/midecnc.com\/product\/5-axis-waterjet-cutting-stone-metal-ceramics\/","name":"AC 5 Axis CNC Waterjet Cutting Machine - Stone Cutting Machine","isPartOf":{"@id":"https:\/\/midecnc.com\/#website"},"primaryImageOfPage":{"@id":"https:\/\/midecnc.com\/product\/5-axis-waterjet-cutting-stone-metal-ceramics\/#primaryimage"},"image":{"@id":"https:\/\/midecnc.com\/product\/5-axis-waterjet-cutting-stone-metal-ceramics\/#primaryimage"},"thumbnailUrl":"https:\/\/midecnc.com\/wp-content\/uploads\/2025\/04\/\u56fe\u72471-1.png","datePublished":"2025-04-15T07:34:57+00:00","dateModified":"2026-02-08T12:04:21+00:00","description":"Niezale\u017cnie od tego, czy produkujesz blaty, komponenty metalowe, czy skomplikowane wzory kamienne \u2013 ta maszyna zapewnia czyste, bezciep\u0142owe ci\u0119cia przy minimalnych odpadach i maksymalnej kontroli.","breadcrumb":{"@id":"https:\/\/midecnc.com\/product\/5-axis-waterjet-cutting-stone-metal-ceramics\/#breadcrumb"},"inLanguage":"pl-PL","potentialAction":[{"@type":"ReadAction","target":["https:\/\/midecnc.com\/product\/5-axis-waterjet-cutting-stone-metal-ceramics\/"]}]},{"@type":"ImageObject","inLanguage":"pl-PL","@id":"https:\/\/midecnc.com\/product\/5-axis-waterjet-cutting-stone-metal-ceramics\/#primaryimage","url":"https:\/\/midecnc.com\/wp-content\/uploads\/2025\/04\/\u56fe\u72471-1.png","contentUrl":"https:\/\/midecnc.com\/wp-content\/uploads\/2025\/04\/\u56fe\u72471-1.png","width":1449,"height":890},{"@type":"BreadcrumbList","@id":"https:\/\/midecnc.com\/product\/5-axis-waterjet-cutting-stone-metal-ceramics\/#breadcrumb","itemListElement":[{"@type":"ListItem","position":1,"name":"Home","item":"https:\/\/midecnc.com\/"},{"@type":"ListItem","position":2,"name":"product","item":"https:\/\/midecnc.com\/product\/"},{"@type":"ListItem","position":3,"name":"AC 5 Axis CNC Waterjet Cutting Machine \u2013 Precision Bevel Cutting for Stone, glass, Metal, and Ceramics"}]},{"@type":"WebSite","@id":"https:\/\/midecnc.com\/#website","url":"https:\/\/midecnc.com\/","name":"Midecnc Stone Cutting Machine","description":"Precision CNC Cutting Machines for Stone","publisher":{"@id":"https:\/\/midecnc.com\/#\/schema\/person\/5f533df466985e67087411e0e1e25b4c"},"potentialAction":[{"@type":"SearchAction","target":{"@type":"EntryPoint","urlTemplate":"https:\/\/midecnc.com\/?s={search_term_string}"},"query-input":{"@type":"PropertyValueSpecification","valueRequired":true,"valueName":"search_term_string"}}],"inLanguage":"pl-PL"},{"@type":["Person","Organization"],"@id":"https:\/\/midecnc.com\/#\/schema\/person\/5f533df466985e67087411e0e1e25b4c","name":"Midecnc","image":{"@type":"ImageObject","inLanguage":"pl-PL","@id":"https:\/\/midecnc.com\/wp-content\/uploads\/2025\/04\/cropped-logo.png","url":"https:\/\/midecnc.com\/wp-content\/uploads\/2025\/04\/cropped-logo.png","contentUrl":"https:\/\/midecnc.com\/wp-content\/uploads\/2025\/04\/cropped-logo.png","width":915,"height":167,"caption":"Midecnc"},"logo":{"@id":"https:\/\/midecnc.com\/wp-content\/uploads\/2025\/04\/cropped-logo.png"},"description":"At Midecnc, we are committed to building a trusted brand through originality and innovation. Specializing in automated CNC stone machinery, we design and manufacture precision equipment for marble, granite, sandstone, bluestone, artificial stone, tombstones, ceramic tiles, and more.","sameAs":["http:\/\/midecnc.com","https:\/\/www.facebook.com\/midecnc","https:\/\/www.youtube.com\/channel\/UCHyRL5Vrs9KxdM7OPrNqiEQ"]}]}},"_links":{"self":[{"href":"https:\/\/midecnc.com\/pl\/wp-json\/wp\/v2\/product\/764","targetHints":{"allow":["GET"]}}],"collection":[{"href":"https:\/\/midecnc.com\/pl\/wp-json\/wp\/v2\/product"}],"about":[{"href":"https:\/\/midecnc.com\/pl\/wp-json\/wp\/v2\/types\/product"}],"wp:featuredmedia":[{"embeddable":true,"href":"https:\/\/midecnc.com\/pl\/wp-json\/wp\/v2\/media\/768"}],"wp:attachment":[{"href":"https:\/\/midecnc.com\/pl\/wp-json\/wp\/v2\/media?parent=764"}],"wp:term":[{"taxonomy":"product_brand","embeddable":true,"href":"https:\/\/midecnc.com\/pl\/wp-json\/wp\/v2\/product_brand?post=764"},{"taxonomy":"product_cat","embeddable":true,"href":"https:\/\/midecnc.com\/pl\/wp-json\/wp\/v2\/product_cat?post=764"},{"taxonomy":"product_tag","embeddable":true,"href":"https:\/\/midecnc.com\/pl\/wp-json\/wp\/v2\/product_tag?post=764"}],"curies":[{"name":"wp","href":"https:\/\/api.w.org\/{rel}","templated":true}]}}